{"id":5004,"date":"2025-03-11T11:44:44","date_gmt":"2025-03-11T11:44:44","guid":{"rendered":"https:\/\/www.zenda.com.ve\/?post_type=product&#038;p=5004"},"modified":"2026-04-25T16:02:32","modified_gmt":"2026-04-25T16:02:32","slug":"agua-mineral-pura-de-manantial-zenda-5-l","status":"publish","type":"product","link":"https:\/\/www.zenda.com.ve\/es\/product\/agua-mineral-pura-de-manantial-zenda-5-l\/","title":{"rendered":"Agua Mineral Pura de Manantial Zenda 5 L"},"content":{"rendered":"<h3 data-start=\"0\" data-end=\"43\"><strong data-start=\"4\" data-end=\"41\">Zenda 5L \u2013 Pureza en Gran Formato<\/strong><\/h3>\n<p data-start=\"45\" data-end=\"298\">La presentaci\u00f3n de <strong data-start=\"64\" data-end=\"76\">5 litros<\/strong> de <strong data-start=\"80\" data-end=\"120\">Agua Mineral Pura de Manantial Zenda<\/strong> est\u00e1 dise\u00f1ada para quienes buscan hidrataci\u00f3n confiable y natural en mayor cantidad. Ideal para el hogar, la oficina o cualquier espacio donde la pureza del agua sea esencial.<\/p>\n<p data-start=\"300\" data-end=\"384\" data-is-last-node=\"\" data-is-only-node=\"\">\ud83d\udca7 <strong data-start=\"303\" data-end=\"341\">M\u00e1s agua, m\u00e1s frescura, m\u00e1s Zenda.<\/strong> \u00a1Hidrataci\u00f3n natural para toda la familia!<\/p>\n","protected":false},"excerpt":{"rendered":"<p>Zenda 5L \u2013 Pureza en Gran Formato La presentaci\u00f3n de 5 litros de Agua Mineral Pura de Manantial Zenda est\u00e1 dise\u00f1ada para quienes buscan hidrataci\u00f3n confiable y natural en mayor cantidad. Ideal para el hogar, la oficina o cualquier espacio donde la pureza del agua sea esencial. \ud83d\udca7 M\u00e1s agua, m\u00e1s frescura, m\u00e1s Zenda. \u00a1Hidrataci\u00f3n [&hellip;]<\/p>\n","protected":false},"featured_media":5005,"comment_status":"open","ping_status":"closed","template":"","meta":{"_joinchat":[]},"product_brand":[],"product_cat":[265],"product_tag":[251],"class_list":{"0":"post-5004","1":"product","2":"type-product","3":"status-publish","4":"has-post-thumbnail","6":"product_cat-5-l","7":"product_tag-agua-mineral","9":"first","10":"instock","11":"shipping-taxable","12":"product-type-simple"},"jetpack_sharing_enabled":true,"_links":{"self":[{"href":"https:\/\/www.zenda.com.ve\/es\/wp-json\/wp\/v2\/product\/5004","targetHints":{"allow":["GET"]}}],"collection":[{"href":"https:\/\/www.zenda.com.ve\/es\/wp-json\/wp\/v2\/product"}],"about":[{"href":"https:\/\/www.zenda.com.ve\/es\/wp-json\/wp\/v2\/types\/product"}],"replies":[{"embeddable":true,"href":"https:\/\/www.zenda.com.ve\/es\/wp-json\/wp\/v2\/comments?post=5004"}],"wp:featuredmedia":[{"embeddable":true,"href":"https:\/\/www.zenda.com.ve\/es\/wp-json\/wp\/v2\/media\/5005"}],"wp:attachment":[{"href":"https:\/\/www.zenda.com.ve\/es\/wp-json\/wp\/v2\/media?parent=5004"}],"wp:term":[{"taxonomy":"product_brand","embeddable":true,"href":"https:\/\/www.zenda.com.ve\/es\/wp-json\/wp\/v2\/product_brand?post=5004"},{"taxonomy":"product_cat","embeddable":true,"href":"https:\/\/www.zenda.com.ve\/es\/wp-json\/wp\/v2\/product_cat?post=5004"},{"taxonomy":"product_tag","embeddable":true,"href":"https:\/\/www.zenda.com.ve\/es\/wp-json\/wp\/v2\/product_tag?post=5004"}],"curies":[{"name":"wp","href":"https:\/\/api.w.org\/{rel}","templated":true}]}}