{"id":5002,"date":"2025-03-11T11:42:08","date_gmt":"2025-03-11T11:42:08","guid":{"rendered":"https:\/\/www.zenda.com.ve\/?post_type=product&#038;p=5002"},"modified":"2026-04-25T16:02:14","modified_gmt":"2026-04-25T16:02:14","slug":"agua-mineral-pura-de-manantial-zenda-15-l","status":"publish","type":"product","link":"https:\/\/www.zenda.com.ve\/es\/product\/agua-mineral-pura-de-manantial-zenda-15-l\/","title":{"rendered":"Agua Mineral Pura de Manantial Zenda 1,5 L"},"content":{"rendered":"<div class=\"wpb-content-wrapper\">\t\t<div class=\"vc_row wpb_row vc_row-fluid\">\n                                        <div class=\"gf-row-inner gf-container container\">\n                        <div class=\"wpb_column vc_column_container vc_col-sm-12\"><div class=\"vc_column-inner\"><div class=\"wpb_wrapper\">\n\t<div class=\"wpb_text_column wpb_content_element\" >\n\t\t<div class=\"wpb_wrapper\">\n\t\t\t<p data-start=\"53\" data-end=\"336\">La presentaci\u00f3n de <strong data-start=\"72\" data-end=\"86\">1.5 litros<\/strong> de <strong data-start=\"90\" data-end=\"130\">Agua Mineral Pura de Manantial Zenda<\/strong> es perfecta para mantenerte hidratado durante toda la jornada. Con el equilibrio ideal de minerales esenciales, es la opci\u00f3n ideal para compartir en casa, en la oficina o durante tus actividades diarias.<\/p>\n<p>&nbsp;<\/p>\n<p data-start=\"338\" data-end=\"423\" data-is-last-node=\"\" data-is-only-node=\"\">\ud83d\udca7 <strong data-start=\"341\" data-end=\"381\">M\u00e1s pureza, m\u00e1s frescura, m\u00e1s Zenda.<\/strong> \u00a1Hidr\u00e1tate con lo mejor de la naturaleza!<\/p>\n\n\t\t<\/div>\n\t<\/div>\n<\/div><\/div><\/div>\t\t\t\t\t\t\t<\/div>\n\t\t\t\n\t\t<\/div>\n\n<\/div>","protected":false},"excerpt":{"rendered":"La presentaci\u00f3n de 1.5 litros de Agua Mineral Pura de Manantial Zenda es perfecta para mantenerte hidratado durante toda la jornada. Con el equilibrio ideal de minerales esenciales, es la opci\u00f3n ideal para compartir en casa, en la oficina o durante tus actividades diarias. &nbsp; \ud83d\udca7 M\u00e1s pureza, m\u00e1s frescura, m\u00e1s Zenda. \u00a1Hidr\u00e1tate con lo [...]","protected":false},"featured_media":5003,"comment_status":"open","ping_status":"closed","template":"","meta":{"_joinchat":[]},"product_brand":[],"product_cat":[259],"product_tag":[251],"class_list":{"0":"post-5002","1":"product","2":"type-product","3":"status-publish","4":"has-post-thumbnail","6":"product_cat-15-l","7":"product_tag-agua-mineral","9":"first","10":"instock","11":"shipping-taxable","12":"product-type-simple"},"jetpack_sharing_enabled":true,"_links":{"self":[{"href":"https:\/\/www.zenda.com.ve\/es\/wp-json\/wp\/v2\/product\/5002","targetHints":{"allow":["GET"]}}],"collection":[{"href":"https:\/\/www.zenda.com.ve\/es\/wp-json\/wp\/v2\/product"}],"about":[{"href":"https:\/\/www.zenda.com.ve\/es\/wp-json\/wp\/v2\/types\/product"}],"replies":[{"embeddable":true,"href":"https:\/\/www.zenda.com.ve\/es\/wp-json\/wp\/v2\/comments?post=5002"}],"wp:featuredmedia":[{"embeddable":true,"href":"https:\/\/www.zenda.com.ve\/es\/wp-json\/wp\/v2\/media\/5003"}],"wp:attachment":[{"href":"https:\/\/www.zenda.com.ve\/es\/wp-json\/wp\/v2\/media?parent=5002"}],"wp:term":[{"taxonomy":"product_brand","embeddable":true,"href":"https:\/\/www.zenda.com.ve\/es\/wp-json\/wp\/v2\/product_brand?post=5002"},{"taxonomy":"product_cat","embeddable":true,"href":"https:\/\/www.zenda.com.ve\/es\/wp-json\/wp\/v2\/product_cat?post=5002"},{"taxonomy":"product_tag","embeddable":true,"href":"https:\/\/www.zenda.com.ve\/es\/wp-json\/wp\/v2\/product_tag?post=5002"}],"curies":[{"name":"wp","href":"https:\/\/api.w.org\/{rel}","templated":true}]}}