{"id":4948,"date":"2025-03-11T10:02:09","date_gmt":"2025-03-11T10:02:09","guid":{"rendered":"https:\/\/www.zenda.com.ve\/?post_type=product&#038;p=4948"},"modified":"2026-04-25T16:02:48","modified_gmt":"2026-04-25T16:02:48","slug":"botellon-18-9-lts-vacio","status":"publish","type":"product","link":"https:\/\/www.zenda.com.ve\/es\/product\/botellon-18-9-lts-vacio\/","title":{"rendered":"Botell\u00f3n 18.9 lts (Vac\u00edo)"},"content":{"rendered":"<p>Hidrataci\u00f3n para cada momento<br \/>\nSuministro confiable para familias y oficinas.<br \/>\nPresentaci\u00f3n 18,9 LTS (Vac\u00edo)<br \/>\nRegistro\u00a0 Sanitario A-18960<br \/>\nCPE 18960090231904<\/p>\n","protected":false},"excerpt":{"rendered":"<p>Hidrataci\u00f3n para cada momento Suministro confiable para familias y oficinas. Presentaci\u00f3n 18,9 LTS (Vac\u00edo) Registro\u00a0 Sanitario A-18960 CPE 18960090231904<\/p>\n","protected":false},"featured_media":4949,"comment_status":"open","ping_status":"closed","template":"","meta":{"_joinchat":[]},"product_brand":[],"product_cat":[245],"product_tag":[251,247,253,252,249],"class_list":{"0":"post-4948","1":"product","2":"type-product","3":"status-publish","4":"has-post-thumbnail","6":"product_cat-botellon","7":"product_tag-agua-mineral","8":"product_tag-botellon","9":"product_tag-manantial","10":"product_tag-pura-de-manantial","11":"product_tag-vacio","13":"first","14":"instock","15":"shipping-taxable","16":"purchasable","17":"product-type-simple"},"jetpack_sharing_enabled":true,"_links":{"self":[{"href":"https:\/\/www.zenda.com.ve\/es\/wp-json\/wp\/v2\/product\/4948","targetHints":{"allow":["GET"]}}],"collection":[{"href":"https:\/\/www.zenda.com.ve\/es\/wp-json\/wp\/v2\/product"}],"about":[{"href":"https:\/\/www.zenda.com.ve\/es\/wp-json\/wp\/v2\/types\/product"}],"replies":[{"embeddable":true,"href":"https:\/\/www.zenda.com.ve\/es\/wp-json\/wp\/v2\/comments?post=4948"}],"wp:featuredmedia":[{"embeddable":true,"href":"https:\/\/www.zenda.com.ve\/es\/wp-json\/wp\/v2\/media\/4949"}],"wp:attachment":[{"href":"https:\/\/www.zenda.com.ve\/es\/wp-json\/wp\/v2\/media?parent=4948"}],"wp:term":[{"taxonomy":"product_brand","embeddable":true,"href":"https:\/\/www.zenda.com.ve\/es\/wp-json\/wp\/v2\/product_brand?post=4948"},{"taxonomy":"product_cat","embeddable":true,"href":"https:\/\/www.zenda.com.ve\/es\/wp-json\/wp\/v2\/product_cat?post=4948"},{"taxonomy":"product_tag","embeddable":true,"href":"https:\/\/www.zenda.com.ve\/es\/wp-json\/wp\/v2\/product_tag?post=4948"}],"curies":[{"name":"wp","href":"https:\/\/api.w.org\/{rel}","templated":true}]}}