{"id":3220,"date":"2019-03-25T03:49:14","date_gmt":"2019-03-25T03:49:14","guid":{"rendered":"https:\/\/www.zenda.com.ve\/?post_type=product&#038;p=3220"},"modified":"2026-04-25T16:03:03","modified_gmt":"2026-04-25T16:03:03","slug":"botellon-liquido","status":"publish","type":"product","link":"https:\/\/www.zenda.com.ve\/es\/product\/botellon-liquido\/","title":{"rendered":"Botell\u00f3n 18.9 lts (L\u00edquido)"},"content":{"rendered":"<p>Hidrataci\u00f3n para cada momento<br \/>\nSuministro confiable para familias y oficinas.<br \/>\nPresentaci\u00f3n 18,9 LTS (L\u00edquido) | 18,9 LTS (Envase)<br \/>\nRegistro\u00a0 Sanitario A-18960<br \/>\nCPE 18960090231904<\/p>\n","protected":false},"excerpt":{"rendered":"<p>18,9 LTS (L\u00edquido) | 18,9 LTS (Envase)<\/p>\n<p>Registro\u00a0 Sanitario A-18960<\/p>\n<p>CPE 18960090231904<\/p>\n","protected":false},"featured_media":4946,"comment_status":"open","ping_status":"closed","template":"","meta":{"_joinchat":[]},"product_brand":[],"product_cat":[245],"product_tag":[248,247,250,249],"class_list":{"0":"post-3220","1":"product","2":"type-product","3":"status-publish","4":"has-post-thumbnail","6":"product_cat-botellon","7":"product_tag-18-9-lts","8":"product_tag-botellon","9":"product_tag-liquido","10":"product_tag-vacio","12":"first","13":"instock","14":"shipping-taxable","15":"purchasable","16":"product-type-simple"},"jetpack_sharing_enabled":true,"_links":{"self":[{"href":"https:\/\/www.zenda.com.ve\/es\/wp-json\/wp\/v2\/product\/3220","targetHints":{"allow":["GET"]}}],"collection":[{"href":"https:\/\/www.zenda.com.ve\/es\/wp-json\/wp\/v2\/product"}],"about":[{"href":"https:\/\/www.zenda.com.ve\/es\/wp-json\/wp\/v2\/types\/product"}],"replies":[{"embeddable":true,"href":"https:\/\/www.zenda.com.ve\/es\/wp-json\/wp\/v2\/comments?post=3220"}],"wp:featuredmedia":[{"embeddable":true,"href":"https:\/\/www.zenda.com.ve\/es\/wp-json\/wp\/v2\/media\/4946"}],"wp:attachment":[{"href":"https:\/\/www.zenda.com.ve\/es\/wp-json\/wp\/v2\/media?parent=3220"}],"wp:term":[{"taxonomy":"product_brand","embeddable":true,"href":"https:\/\/www.zenda.com.ve\/es\/wp-json\/wp\/v2\/product_brand?post=3220"},{"taxonomy":"product_cat","embeddable":true,"href":"https:\/\/www.zenda.com.ve\/es\/wp-json\/wp\/v2\/product_cat?post=3220"},{"taxonomy":"product_tag","embeddable":true,"href":"https:\/\/www.zenda.com.ve\/es\/wp-json\/wp\/v2\/product_tag?post=3220"}],"curies":[{"name":"wp","href":"https:\/\/api.w.org\/{rel}","templated":true}]}}